{"id":1109,"date":"2021-12-12T17:34:37","date_gmt":"2021-12-12T20:34:37","guid":{"rendered":"https:\/\/c2410275.ferozo.com\/?post_type=product&#038;p=1109"},"modified":"2023-11-30T15:07:32","modified_gmt":"2023-11-30T18:07:32","slug":"estuches-para-lentes-de-contacto-modelo-a","status":"publish","type":"product","link":"https:\/\/opticalsupplier.com.ar\/en\/product\/estuches-para-lentes-de-contacto-modelo-a\/","title":{"rendered":"Model A"},"content":{"rendered":"<p><b>Featured properties:<\/b><span style=\"font-weight: 400;\"> Large, high quality flip top case, with deep holes to fill solution in. Easy and quick to open and close. Attached caps. Heart indicator on cap to distinguish left from right. Seal prevents leakage. Recyclable.<\/span><\/p>\n<p><b>Replacement<\/b><span style=\"font-weight: 400;\">: Monthly. For more information on use always consult your trusted optician.<\/span><\/p>\n<p><b>Package:<\/b><span style=\"font-weight: 400;\">\u00a0 Individual \u2013 Pack x 3 units pastel or animated color \u2013 Pack x 12 units traditional or pastel color \u2013 Box of 24 units \u2013 Bag of 50 units.<\/span><\/p>\n<p><b>Logo:<\/b><span style=\"font-weight: 400;\"> Laser stamping and engraving in the manufacturing process. More information in section <a href=\"https:\/\/opticalsupplier.com.ar\/en\/servicios\/\">Services<\/a><\/span><\/p>","protected":false},"excerpt":{"rendered":"<p><span style=\"font-weight: 400;\">Convenient flip top contact lens case for cleaning, disinfecting, and storing all soft contact lenses.<\/span><\/p>","protected":false},"featured_media":1626,"template":"","meta":{"_joinchat":[]},"product_brand":[],"product_cat":[61,20],"product_tag":[],"class_list":{"0":"post-1109","1":"product","2":"type-product","3":"status-publish","4":"has-post-thumbnail","6":"product_cat-estuches","7":"product_cat-todas-las-categorias","10":"first","11":"instock","12":"sold-individually","13":"shipping-taxable","14":"purchasable","15":"product-type-simple"},"yoast_head":"<!-- This site is optimized with the Yoast SEO plugin v27.3 - https:\/\/yoast.com\/product\/yoast-seo-wordpress\/ -->\n<title>Modelo A - Optical Supplier<\/title>\n<meta name=\"robots\" content=\"index, follow, max-snippet:-1, max-image-preview:large, max-video-preview:-1\" \/>\n<link rel=\"canonical\" href=\"https:\/\/opticalsupplier.com.ar\/en\/product\/estuches-para-lentes-de-contacto-modelo-a\/\" \/>\n<meta property=\"og:locale\" content=\"en_US\" \/>\n<meta property=\"og:type\" content=\"article\" \/>\n<meta property=\"og:title\" content=\"Modelo A - Optical Supplier\" \/>\n<meta property=\"og:description\" content=\"Amplio y c\u00f3modo estuche para conservar, limpiar y desinfectar lentes blandas, y cosm\u00e9ticas.\" \/>\n<meta property=\"og:url\" content=\"https:\/\/opticalsupplier.com.ar\/en\/product\/estuches-para-lentes-de-contacto-modelo-a\/\" \/>\n<meta property=\"og:site_name\" content=\"Optical Supplier\" \/>\n<meta property=\"article:publisher\" content=\"https:\/\/www.facebook.com\/opticalsupplier1\" \/>\n<meta property=\"article:modified_time\" content=\"2023-11-30T18:07:32+00:00\" \/>\n<meta property=\"og:image\" content=\"https:\/\/opticalsupplier.com.ar\/wp-content\/uploads\/2021\/12\/1-2.jpeg\" \/>\n\t<meta property=\"og:image:width\" content=\"1280\" \/>\n\t<meta property=\"og:image:height\" content=\"1280\" \/>\n\t<meta property=\"og:image:type\" content=\"image\/jpeg\" \/>\n<meta name=\"twitter:card\" content=\"summary_large_image\" \/>\n<meta name=\"twitter:site\" content=\"@opticalsupplier\" \/>\n<meta name=\"twitter:label1\" content=\"Est. reading time\" \/>\n\t<meta name=\"twitter:data1\" content=\"1 minute\" \/>\n<script type=\"application\/ld+json\" class=\"yoast-schema-graph\">{\"@context\":\"https:\\\/\\\/schema.org\",\"@graph\":[{\"@type\":\"WebPage\",\"@id\":\"https:\\\/\\\/opticalsupplier.com.ar\\\/producto\\\/estuches-para-lentes-de-contacto-modelo-a\\\/\",\"url\":\"https:\\\/\\\/opticalsupplier.com.ar\\\/producto\\\/estuches-para-lentes-de-contacto-modelo-a\\\/\",\"name\":\"Modelo A - Optical Supplier\",\"isPartOf\":{\"@id\":\"https:\\\/\\\/opticalsupplier.com.ar\\\/#website\"},\"primaryImageOfPage\":{\"@id\":\"https:\\\/\\\/opticalsupplier.com.ar\\\/producto\\\/estuches-para-lentes-de-contacto-modelo-a\\\/#primaryimage\"},\"image\":{\"@id\":\"https:\\\/\\\/opticalsupplier.com.ar\\\/producto\\\/estuches-para-lentes-de-contacto-modelo-a\\\/#primaryimage\"},\"thumbnailUrl\":\"https:\\\/\\\/opticalsupplier.com.ar\\\/wp-content\\\/uploads\\\/2021\\\/12\\\/1-2.jpeg\",\"datePublished\":\"2021-12-12T20:34:37+00:00\",\"dateModified\":\"2023-11-30T18:07:32+00:00\",\"breadcrumb\":{\"@id\":\"https:\\\/\\\/opticalsupplier.com.ar\\\/producto\\\/estuches-para-lentes-de-contacto-modelo-a\\\/#breadcrumb\"},\"inLanguage\":\"en-US\",\"potentialAction\":[{\"@type\":\"ReadAction\",\"target\":[\"https:\\\/\\\/opticalsupplier.com.ar\\\/producto\\\/estuches-para-lentes-de-contacto-modelo-a\\\/\"]}]},{\"@type\":\"ImageObject\",\"inLanguage\":\"en-US\",\"@id\":\"https:\\\/\\\/opticalsupplier.com.ar\\\/producto\\\/estuches-para-lentes-de-contacto-modelo-a\\\/#primaryimage\",\"url\":\"https:\\\/\\\/opticalsupplier.com.ar\\\/wp-content\\\/uploads\\\/2021\\\/12\\\/1-2.jpeg\",\"contentUrl\":\"https:\\\/\\\/opticalsupplier.com.ar\\\/wp-content\\\/uploads\\\/2021\\\/12\\\/1-2.jpeg\",\"width\":1280,\"height\":1280},{\"@type\":\"BreadcrumbList\",\"@id\":\"https:\\\/\\\/opticalsupplier.com.ar\\\/producto\\\/estuches-para-lentes-de-contacto-modelo-a\\\/#breadcrumb\",\"itemListElement\":[{\"@type\":\"ListItem\",\"position\":1,\"name\":\"Portada\",\"item\":\"https:\\\/\\\/opticalsupplier.com.ar\\\/\"},{\"@type\":\"ListItem\",\"position\":2,\"name\":\"Tienda\",\"item\":\"https:\\\/\\\/opticalsupplier.com.ar\\\/tienda\\\/\"},{\"@type\":\"ListItem\",\"position\":3,\"name\":\"Modelo A\"}]},{\"@type\":\"WebSite\",\"@id\":\"https:\\\/\\\/opticalsupplier.com.ar\\\/#website\",\"url\":\"https:\\\/\\\/opticalsupplier.com.ar\\\/\",\"name\":\"Optical Supplier \u2013 Envases pl\u00e1sticos para contactolog\u00eda\",\"description\":\"Envases pl\u00e1sticos para contactolog\u00eda\",\"publisher\":{\"@id\":\"https:\\\/\\\/opticalsupplier.com.ar\\\/#organization\"},\"potentialAction\":[{\"@type\":\"SearchAction\",\"target\":{\"@type\":\"EntryPoint\",\"urlTemplate\":\"https:\\\/\\\/opticalsupplier.com.ar\\\/?s={search_term_string}\"},\"query-input\":{\"@type\":\"PropertyValueSpecification\",\"valueRequired\":true,\"valueName\":\"search_term_string\"}}],\"inLanguage\":\"en-US\"},{\"@type\":\"Organization\",\"@id\":\"https:\\\/\\\/opticalsupplier.com.ar\\\/#organization\",\"name\":\"Optical Supplier \u2013 Envases pl\u00e1sticos para contactolog\u00eda\",\"url\":\"https:\\\/\\\/opticalsupplier.com.ar\\\/\",\"logo\":{\"@type\":\"ImageObject\",\"inLanguage\":\"en-US\",\"@id\":\"https:\\\/\\\/opticalsupplier.com.ar\\\/#\\\/schema\\\/logo\\\/image\\\/\",\"url\":\"https:\\\/\\\/opticalsupplier.com.ar\\\/wp-content\\\/uploads\\\/2021\\\/10\\\/cropped-cropped-logo_optical.png\",\"contentUrl\":\"https:\\\/\\\/opticalsupplier.com.ar\\\/wp-content\\\/uploads\\\/2021\\\/10\\\/cropped-cropped-logo_optical.png\",\"width\":2190,\"height\":698,\"caption\":\"Optical Supplier \u2013 Envases pl\u00e1sticos para contactolog\u00eda\"},\"image\":{\"@id\":\"https:\\\/\\\/opticalsupplier.com.ar\\\/#\\\/schema\\\/logo\\\/image\\\/\"},\"sameAs\":[\"https:\\\/\\\/www.facebook.com\\\/opticalsupplier1\",\"https:\\\/\\\/x.com\\\/opticalsupplier\",\"https:\\\/\\\/www.instagram.com\\\/opticalsupplier1\\\/\",\"https:\\\/\\\/m.youtube.com\\\/channel\\\/UCE1xQVqxwc-QrF-79XI4BPw\"]}]}<\/script>\n<!-- \/ Yoast SEO plugin. -->","yoast_head_json":{"title":"Modelo A - Optical Supplier","robots":{"index":"index","follow":"follow","max-snippet":"max-snippet:-1","max-image-preview":"max-image-preview:large","max-video-preview":"max-video-preview:-1"},"canonical":"https:\/\/opticalsupplier.com.ar\/en\/product\/estuches-para-lentes-de-contacto-modelo-a\/","og_locale":"en_US","og_type":"article","og_title":"Modelo A - Optical Supplier","og_description":"Amplio y c\u00f3modo estuche para conservar, limpiar y desinfectar lentes blandas, y cosm\u00e9ticas.","og_url":"https:\/\/opticalsupplier.com.ar\/en\/product\/estuches-para-lentes-de-contacto-modelo-a\/","og_site_name":"Optical Supplier","article_publisher":"https:\/\/www.facebook.com\/opticalsupplier1","article_modified_time":"2023-11-30T18:07:32+00:00","og_image":[{"width":1280,"height":1280,"url":"https:\/\/opticalsupplier.com.ar\/wp-content\/uploads\/2021\/12\/1-2.jpeg","type":"image\/jpeg"}],"twitter_card":"summary_large_image","twitter_site":"@opticalsupplier","twitter_misc":{"Est. reading time":"1 minute"},"schema":{"@context":"https:\/\/schema.org","@graph":[{"@type":"WebPage","@id":"https:\/\/opticalsupplier.com.ar\/producto\/estuches-para-lentes-de-contacto-modelo-a\/","url":"https:\/\/opticalsupplier.com.ar\/producto\/estuches-para-lentes-de-contacto-modelo-a\/","name":"Modelo A - Optical Supplier","isPartOf":{"@id":"https:\/\/opticalsupplier.com.ar\/#website"},"primaryImageOfPage":{"@id":"https:\/\/opticalsupplier.com.ar\/producto\/estuches-para-lentes-de-contacto-modelo-a\/#primaryimage"},"image":{"@id":"https:\/\/opticalsupplier.com.ar\/producto\/estuches-para-lentes-de-contacto-modelo-a\/#primaryimage"},"thumbnailUrl":"https:\/\/opticalsupplier.com.ar\/wp-content\/uploads\/2021\/12\/1-2.jpeg","datePublished":"2021-12-12T20:34:37+00:00","dateModified":"2023-11-30T18:07:32+00:00","breadcrumb":{"@id":"https:\/\/opticalsupplier.com.ar\/producto\/estuches-para-lentes-de-contacto-modelo-a\/#breadcrumb"},"inLanguage":"en-US","potentialAction":[{"@type":"ReadAction","target":["https:\/\/opticalsupplier.com.ar\/producto\/estuches-para-lentes-de-contacto-modelo-a\/"]}]},{"@type":"ImageObject","inLanguage":"en-US","@id":"https:\/\/opticalsupplier.com.ar\/producto\/estuches-para-lentes-de-contacto-modelo-a\/#primaryimage","url":"https:\/\/opticalsupplier.com.ar\/wp-content\/uploads\/2021\/12\/1-2.jpeg","contentUrl":"https:\/\/opticalsupplier.com.ar\/wp-content\/uploads\/2021\/12\/1-2.jpeg","width":1280,"height":1280},{"@type":"BreadcrumbList","@id":"https:\/\/opticalsupplier.com.ar\/producto\/estuches-para-lentes-de-contacto-modelo-a\/#breadcrumb","itemListElement":[{"@type":"ListItem","position":1,"name":"Portada","item":"https:\/\/opticalsupplier.com.ar\/"},{"@type":"ListItem","position":2,"name":"Tienda","item":"https:\/\/opticalsupplier.com.ar\/tienda\/"},{"@type":"ListItem","position":3,"name":"Modelo A"}]},{"@type":"WebSite","@id":"https:\/\/opticalsupplier.com.ar\/#website","url":"https:\/\/opticalsupplier.com.ar\/","name":"Optical Supplier \u2013 Envases pl\u00e1sticos para contactolog\u00eda","description":"Envases pl\u00e1sticos para contactolog\u00eda","publisher":{"@id":"https:\/\/opticalsupplier.com.ar\/#organization"},"potentialAction":[{"@type":"SearchAction","target":{"@type":"EntryPoint","urlTemplate":"https:\/\/opticalsupplier.com.ar\/?s={search_term_string}"},"query-input":{"@type":"PropertyValueSpecification","valueRequired":true,"valueName":"search_term_string"}}],"inLanguage":"en-US"},{"@type":"Organization","@id":"https:\/\/opticalsupplier.com.ar\/#organization","name":"Optical Supplier \u2013 Envases pl\u00e1sticos para contactolog\u00eda","url":"https:\/\/opticalsupplier.com.ar\/","logo":{"@type":"ImageObject","inLanguage":"en-US","@id":"https:\/\/opticalsupplier.com.ar\/#\/schema\/logo\/image\/","url":"https:\/\/opticalsupplier.com.ar\/wp-content\/uploads\/2021\/10\/cropped-cropped-logo_optical.png","contentUrl":"https:\/\/opticalsupplier.com.ar\/wp-content\/uploads\/2021\/10\/cropped-cropped-logo_optical.png","width":2190,"height":698,"caption":"Optical Supplier \u2013 Envases pl\u00e1sticos para contactolog\u00eda"},"image":{"@id":"https:\/\/opticalsupplier.com.ar\/#\/schema\/logo\/image\/"},"sameAs":["https:\/\/www.facebook.com\/opticalsupplier1","https:\/\/x.com\/opticalsupplier","https:\/\/www.instagram.com\/opticalsupplier1\/","https:\/\/m.youtube.com\/channel\/UCE1xQVqxwc-QrF-79XI4BPw"]}]}},"_links":{"self":[{"href":"https:\/\/opticalsupplier.com.ar\/en\/wp-json\/wp\/v2\/product\/1109","targetHints":{"allow":["GET"]}}],"collection":[{"href":"https:\/\/opticalsupplier.com.ar\/en\/wp-json\/wp\/v2\/product"}],"about":[{"href":"https:\/\/opticalsupplier.com.ar\/en\/wp-json\/wp\/v2\/types\/product"}],"wp:featuredmedia":[{"embeddable":true,"href":"https:\/\/opticalsupplier.com.ar\/en\/wp-json\/wp\/v2\/media\/1626"}],"wp:attachment":[{"href":"https:\/\/opticalsupplier.com.ar\/en\/wp-json\/wp\/v2\/media?parent=1109"}],"wp:term":[{"taxonomy":"product_brand","embeddable":true,"href":"https:\/\/opticalsupplier.com.ar\/en\/wp-json\/wp\/v2\/product_brand?post=1109"},{"taxonomy":"product_cat","embeddable":true,"href":"https:\/\/opticalsupplier.com.ar\/en\/wp-json\/wp\/v2\/product_cat?post=1109"},{"taxonomy":"product_tag","embeddable":true,"href":"https:\/\/opticalsupplier.com.ar\/en\/wp-json\/wp\/v2\/product_tag?post=1109"}],"curies":[{"name":"wp","href":"https:\/\/api.w.org\/{rel}","templated":true}]}}